{"id":754,"date":"2021-06-04T10:56:21","date_gmt":"2021-06-04T03:56:21","guid":{"rendered":"http:\/\/cuatudonganhkhoa.123websitedev.com\/?post_type=product&#038;p=754"},"modified":"2022-05-10T10:56:31","modified_gmt":"2022-05-10T03:56:31","slug":"khoa-van-tay-rudiger-a210","status":"publish","type":"product","link":"https:\/\/cuatudonganhkhoa.com\/en\/product\/khoa-van-tay-rudiger-a210\/","title":{"rendered":"Fingerprint lock R\u00fcdiger \u2013 A210"},"content":{"rendered":"","protected":false},"excerpt":{"rendered":"<p>Main function:<\/p>\n<ul>\n<li>Open the door with fingerprint, magnetic card, code, mechanical key, app<\/li>\n<\/ul>\n<p>Specifications:<\/p>\n<ul>\n<li>Uses 4 AAA batteries<\/li>\n<li>304 stainless steel material<\/li>\n<li>Memory: 100 fingerprints, 100 cards, 100 passwords<\/li>\n<li>Dimensions: 303 x 43 x 22.5mm<\/li>\n<li>Door puzzle 30mm thick and 55mm wide<\/li>\n<li>1 year warranty<\/li>\n<li>Color: Black, white<\/li>\n<\/ul>","protected":false},"featured_media":755,"comment_status":"open","ping_status":"closed","template":"","meta":[],"product_cat":[78],"product_tag":[],"yoast_head":"<!-- This site is optimized with the Yoast SEO plugin v18.5.1 - https:\/\/yoast.com\/wordpress\/plugins\/seo\/ -->\n<title>Kh\u00f3a v\u00e2n tay R\u00fcdiger - A210 - Chuy\u00ean cung c\u1ea5p c\u1eeda t\u1ef1 \u0111\u1ed9ng<\/title>\n<meta name=\"description\" content=\"Kh\u00f3a v\u00e2n tay R\u00fcdiger - A210 \u2705 C\u1eeda t\u1ef1 \u0111\u1ed9ng Anh Khoa \u2705 Ph\u00f9 h\u1ee3p v\u1edbi t\u1ea5t c\u1ea3 l\u1ed1i ki\u1ebfn tr\u00fac gi\u00fap d\u1eabn t\u1edbi s\u1ef1 hi\u1ec7n \u0111\u1ea1i - sang tr\u1ecdng\" \/>\n<meta name=\"robots\" content=\"index, follow, max-snippet:-1, max-image-preview:large, max-video-preview:-1\" \/>\n<link rel=\"canonical\" href=\"https:\/\/cuatudonganhkhoa.com\/en\/product\/khoa-van-tay-rudiger-a210\/\" \/>\n<meta property=\"og:locale\" content=\"en_US\" \/>\n<meta property=\"og:type\" content=\"article\" \/>\n<meta property=\"og:title\" content=\"Kh\u00f3a v\u00e2n tay R\u00fcdiger - A210 - Chuy\u00ean cung c\u1ea5p c\u1eeda t\u1ef1 \u0111\u1ed9ng\" \/>\n<meta property=\"og:description\" content=\"Kh\u00f3a v\u00e2n tay R\u00fcdiger - A210 \u2705 C\u1eeda t\u1ef1 \u0111\u1ed9ng Anh Khoa \u2705 Ph\u00f9 h\u1ee3p v\u1edbi t\u1ea5t c\u1ea3 l\u1ed1i ki\u1ebfn tr\u00fac gi\u00fap d\u1eabn t\u1edbi s\u1ef1 hi\u1ec7n \u0111\u1ea1i - sang tr\u1ecdng\" \/>\n<meta property=\"og:url\" content=\"https:\/\/cuatudonganhkhoa.com\/en\/product\/khoa-van-tay-rudiger-a210\/\" \/>\n<meta property=\"og:site_name\" content=\"Chuy\u00ean cung c\u1ea5p c\u1eeda t\u1ef1 \u0111\u1ed9ng\" \/>\n<meta property=\"article:modified_time\" content=\"2022-05-10T03:56:31+00:00\" \/>\n<meta property=\"og:image\" content=\"https:\/\/cuatudonganhkhoa.com\/wp-content\/uploads\/2021\/06\/121325799_631493060863739_911842774166969302_n.jpg\" \/>\n\t<meta property=\"og:image:width\" content=\"1000\" \/>\n\t<meta property=\"og:image:height\" content=\"1000\" \/>\n\t<meta property=\"og:image:type\" content=\"image\/jpeg\" \/>\n<meta name=\"twitter:card\" content=\"summary_large_image\" \/>\n<script type=\"application\/ld+json\" class=\"yoast-schema-graph\">{\"@context\":\"https:\/\/schema.org\",\"@graph\":[{\"@type\":\"Organization\",\"@id\":\"https:\/\/cuatudonganhkhoa.com\/#organization\",\"name\":\"C\u1eeda T\u1ef1 \u0110\u1ed9ng Anh Khoa\",\"url\":\"https:\/\/cuatudonganhkhoa.com\/\",\"sameAs\":[],\"logo\":{\"@type\":\"ImageObject\",\"@id\":\"https:\/\/cuatudonganhkhoa.com\/#logo\",\"inLanguage\":\"en-US\",\"url\":\"https:\/\/cuatudonganhkhoa.com\/wp-content\/uploads\/2021\/10\/cropped-logocua.jpg\",\"contentUrl\":\"https:\/\/cuatudonganhkhoa.com\/wp-content\/uploads\/2021\/10\/cropped-logocua.jpg\",\"width\":512,\"height\":512,\"caption\":\"C\u1eeda T\u1ef1 \u0110\u1ed9ng Anh Khoa\"},\"image\":{\"@id\":\"https:\/\/cuatudonganhkhoa.com\/#logo\"}},{\"@type\":\"WebSite\",\"@id\":\"https:\/\/cuatudonganhkhoa.com\/#website\",\"url\":\"https:\/\/cuatudonganhkhoa.com\/\",\"name\":\"Chuy\u00ean cung c\u1ea5p c\u1eeda t\u1ef1 \u0111\u1ed9ng\",\"description\":\"ch\u00ednh h\u00e3ng Germany, Panasonic\",\"publisher\":{\"@id\":\"https:\/\/cuatudonganhkhoa.com\/#organization\"},\"potentialAction\":[{\"@type\":\"SearchAction\",\"target\":{\"@type\":\"EntryPoint\",\"urlTemplate\":\"https:\/\/cuatudonganhkhoa.com\/?s={search_term_string}\"},\"query-input\":\"required name=search_term_string\"}],\"inLanguage\":\"en-US\"},{\"@type\":\"ImageObject\",\"@id\":\"https:\/\/cuatudonganhkhoa.com\/san-pham\/khoa-van-tay-rudiger-a210\/#primaryimage\",\"inLanguage\":\"en-US\",\"url\":\"https:\/\/cuatudonganhkhoa.com\/wp-content\/uploads\/2021\/06\/121325799_631493060863739_911842774166969302_n.jpg\",\"contentUrl\":\"https:\/\/cuatudonganhkhoa.com\/wp-content\/uploads\/2021\/06\/121325799_631493060863739_911842774166969302_n.jpg\",\"width\":1000,\"height\":1000},{\"@type\":\"WebPage\",\"@id\":\"https:\/\/cuatudonganhkhoa.com\/san-pham\/khoa-van-tay-rudiger-a210\/#webpage\",\"url\":\"https:\/\/cuatudonganhkhoa.com\/san-pham\/khoa-van-tay-rudiger-a210\/\",\"name\":\"Kh\u00f3a v\u00e2n tay R\u00fcdiger - A210 - Chuy\u00ean cung c\u1ea5p c\u1eeda t\u1ef1 \u0111\u1ed9ng\",\"isPartOf\":{\"@id\":\"https:\/\/cuatudonganhkhoa.com\/#website\"},\"primaryImageOfPage\":{\"@id\":\"https:\/\/cuatudonganhkhoa.com\/san-pham\/khoa-van-tay-rudiger-a210\/#primaryimage\"},\"datePublished\":\"2021-06-04T03:56:21+00:00\",\"dateModified\":\"2022-05-10T03:56:31+00:00\",\"description\":\"Kh\u00f3a v\u00e2n tay R\u00fcdiger - A210 \u2705 C\u1eeda t\u1ef1 \u0111\u1ed9ng Anh Khoa \u2705 Ph\u00f9 h\u1ee3p v\u1edbi t\u1ea5t c\u1ea3 l\u1ed1i ki\u1ebfn tr\u00fac gi\u00fap d\u1eabn t\u1edbi s\u1ef1 hi\u1ec7n \u0111\u1ea1i - sang tr\u1ecdng\",\"breadcrumb\":{\"@id\":\"https:\/\/cuatudonganhkhoa.com\/san-pham\/khoa-van-tay-rudiger-a210\/#breadcrumb\"},\"inLanguage\":\"en-US\",\"potentialAction\":[{\"@type\":\"ReadAction\",\"target\":[\"https:\/\/cuatudonganhkhoa.com\/san-pham\/khoa-van-tay-rudiger-a210\/\"]}]},{\"@type\":\"BreadcrumbList\",\"@id\":\"https:\/\/cuatudonganhkhoa.com\/san-pham\/khoa-van-tay-rudiger-a210\/#breadcrumb\",\"itemListElement\":[{\"@type\":\"ListItem\",\"position\":1,\"name\":\"Trang ch\u1ee7\",\"item\":\"https:\/\/cuatudonganhkhoa.com\/\"},{\"@type\":\"ListItem\",\"position\":2,\"name\":\"S\u1ea3n ph\u1ea9m\",\"item\":\"https:\/\/cuatudonganhkhoa.com\/san-pham\/\"},{\"@type\":\"ListItem\",\"position\":3,\"name\":\"Kh\u00f3a v\u00e2n tay R\u00fcdiger &#8211; A210\"}]}]}<\/script>\n<!-- \/ Yoast SEO plugin. -->","yoast_head_json":{"title":"Kh\u00f3a v\u00e2n tay R\u00fcdiger - A210 - Chuy\u00ean cung c\u1ea5p c\u1eeda t\u1ef1 \u0111\u1ed9ng","description":"Kh\u00f3a v\u00e2n tay R\u00fcdiger - A210 \u2705 C\u1eeda t\u1ef1 \u0111\u1ed9ng Anh Khoa \u2705 Ph\u00f9 h\u1ee3p v\u1edbi t\u1ea5t c\u1ea3 l\u1ed1i ki\u1ebfn tr\u00fac gi\u00fap d\u1eabn t\u1edbi s\u1ef1 hi\u1ec7n \u0111\u1ea1i - sang tr\u1ecdng","robots":{"index":"index","follow":"follow","max-snippet":"max-snippet:-1","max-image-preview":"max-image-preview:large","max-video-preview":"max-video-preview:-1"},"canonical":"https:\/\/cuatudonganhkhoa.com\/en\/product\/khoa-van-tay-rudiger-a210\/","og_locale":"en_US","og_type":"article","og_title":"Kh\u00f3a v\u00e2n tay R\u00fcdiger - A210 - Chuy\u00ean cung c\u1ea5p c\u1eeda t\u1ef1 \u0111\u1ed9ng","og_description":"Kh\u00f3a v\u00e2n tay R\u00fcdiger - A210 \u2705 C\u1eeda t\u1ef1 \u0111\u1ed9ng Anh Khoa \u2705 Ph\u00f9 h\u1ee3p v\u1edbi t\u1ea5t c\u1ea3 l\u1ed1i ki\u1ebfn tr\u00fac gi\u00fap d\u1eabn t\u1edbi s\u1ef1 hi\u1ec7n \u0111\u1ea1i - sang tr\u1ecdng","og_url":"https:\/\/cuatudonganhkhoa.com\/en\/product\/khoa-van-tay-rudiger-a210\/","og_site_name":"Chuy\u00ean cung c\u1ea5p c\u1eeda t\u1ef1 \u0111\u1ed9ng","article_modified_time":"2022-05-10T03:56:31+00:00","og_image":[{"width":1000,"height":1000,"url":"https:\/\/cuatudonganhkhoa.com\/wp-content\/uploads\/2021\/06\/121325799_631493060863739_911842774166969302_n.jpg","type":"image\/jpeg"}],"twitter_card":"summary_large_image","schema":{"@context":"https:\/\/schema.org","@graph":[{"@type":"Organization","@id":"https:\/\/cuatudonganhkhoa.com\/#organization","name":"C\u1eeda T\u1ef1 \u0110\u1ed9ng Anh Khoa","url":"https:\/\/cuatudonganhkhoa.com\/","sameAs":[],"logo":{"@type":"ImageObject","@id":"https:\/\/cuatudonganhkhoa.com\/#logo","inLanguage":"en-US","url":"https:\/\/cuatudonganhkhoa.com\/wp-content\/uploads\/2021\/10\/cropped-logocua.jpg","contentUrl":"https:\/\/cuatudonganhkhoa.com\/wp-content\/uploads\/2021\/10\/cropped-logocua.jpg","width":512,"height":512,"caption":"C\u1eeda T\u1ef1 \u0110\u1ed9ng Anh Khoa"},"image":{"@id":"https:\/\/cuatudonganhkhoa.com\/#logo"}},{"@type":"WebSite","@id":"https:\/\/cuatudonganhkhoa.com\/#website","url":"https:\/\/cuatudonganhkhoa.com\/","name":"Chuy\u00ean cung c\u1ea5p c\u1eeda t\u1ef1 \u0111\u1ed9ng","description":"ch\u00ednh h\u00e3ng Germany, Panasonic","publisher":{"@id":"https:\/\/cuatudonganhkhoa.com\/#organization"},"potentialAction":[{"@type":"SearchAction","target":{"@type":"EntryPoint","urlTemplate":"https:\/\/cuatudonganhkhoa.com\/?s={search_term_string}"},"query-input":"required name=search_term_string"}],"inLanguage":"en-US"},{"@type":"ImageObject","@id":"https:\/\/cuatudonganhkhoa.com\/san-pham\/khoa-van-tay-rudiger-a210\/#primaryimage","inLanguage":"en-US","url":"https:\/\/cuatudonganhkhoa.com\/wp-content\/uploads\/2021\/06\/121325799_631493060863739_911842774166969302_n.jpg","contentUrl":"https:\/\/cuatudonganhkhoa.com\/wp-content\/uploads\/2021\/06\/121325799_631493060863739_911842774166969302_n.jpg","width":1000,"height":1000},{"@type":"WebPage","@id":"https:\/\/cuatudonganhkhoa.com\/san-pham\/khoa-van-tay-rudiger-a210\/#webpage","url":"https:\/\/cuatudonganhkhoa.com\/san-pham\/khoa-van-tay-rudiger-a210\/","name":"Kh\u00f3a v\u00e2n tay R\u00fcdiger - A210 - Chuy\u00ean cung c\u1ea5p c\u1eeda t\u1ef1 \u0111\u1ed9ng","isPartOf":{"@id":"https:\/\/cuatudonganhkhoa.com\/#website"},"primaryImageOfPage":{"@id":"https:\/\/cuatudonganhkhoa.com\/san-pham\/khoa-van-tay-rudiger-a210\/#primaryimage"},"datePublished":"2021-06-04T03:56:21+00:00","dateModified":"2022-05-10T03:56:31+00:00","description":"Kh\u00f3a v\u00e2n tay R\u00fcdiger - A210 \u2705 C\u1eeda t\u1ef1 \u0111\u1ed9ng Anh Khoa \u2705 Ph\u00f9 h\u1ee3p v\u1edbi t\u1ea5t c\u1ea3 l\u1ed1i ki\u1ebfn tr\u00fac gi\u00fap d\u1eabn t\u1edbi s\u1ef1 hi\u1ec7n \u0111\u1ea1i - sang tr\u1ecdng","breadcrumb":{"@id":"https:\/\/cuatudonganhkhoa.com\/san-pham\/khoa-van-tay-rudiger-a210\/#breadcrumb"},"inLanguage":"en-US","potentialAction":[{"@type":"ReadAction","target":["https:\/\/cuatudonganhkhoa.com\/san-pham\/khoa-van-tay-rudiger-a210\/"]}]},{"@type":"BreadcrumbList","@id":"https:\/\/cuatudonganhkhoa.com\/san-pham\/khoa-van-tay-rudiger-a210\/#breadcrumb","itemListElement":[{"@type":"ListItem","position":1,"name":"Trang ch\u1ee7","item":"https:\/\/cuatudonganhkhoa.com\/"},{"@type":"ListItem","position":2,"name":"S\u1ea3n ph\u1ea9m","item":"https:\/\/cuatudonganhkhoa.com\/san-pham\/"},{"@type":"ListItem","position":3,"name":"Kh\u00f3a v\u00e2n tay R\u00fcdiger &#8211; A210"}]}]}},"_links":{"self":[{"href":"https:\/\/cuatudonganhkhoa.com\/en\/wp-json\/wp\/v2\/product\/754"}],"collection":[{"href":"https:\/\/cuatudonganhkhoa.com\/en\/wp-json\/wp\/v2\/product"}],"about":[{"href":"https:\/\/cuatudonganhkhoa.com\/en\/wp-json\/wp\/v2\/types\/product"}],"replies":[{"embeddable":true,"href":"https:\/\/cuatudonganhkhoa.com\/en\/wp-json\/wp\/v2\/comments?post=754"}],"wp:featuredmedia":[{"embeddable":true,"href":"https:\/\/cuatudonganhkhoa.com\/en\/wp-json\/wp\/v2\/media\/755"}],"wp:attachment":[{"href":"https:\/\/cuatudonganhkhoa.com\/en\/wp-json\/wp\/v2\/media?parent=754"}],"wp:term":[{"taxonomy":"product_cat","embeddable":true,"href":"https:\/\/cuatudonganhkhoa.com\/en\/wp-json\/wp\/v2\/product_cat?post=754"},{"taxonomy":"product_tag","embeddable":true,"href":"https:\/\/cuatudonganhkhoa.com\/en\/wp-json\/wp\/v2\/product_tag?post=754"}],"curies":[{"name":"wp","href":"https:\/\/api.w.org\/{rel}","templated":true}]}}