{"id":2396,"date":"2026-03-12T08:50:38","date_gmt":"2026-03-12T01:50:38","guid":{"rendered":"https:\/\/cuatudonganhkhoa.com\/?post_type=product&#038;p=2396"},"modified":"2026-04-06T08:42:24","modified_gmt":"2026-04-06T01:42:24","slug":"r6700-khoa-thong-minh-bsi-khoa-chot-keo-day","status":"publish","type":"product","link":"https:\/\/cuatudonganhkhoa.com\/en\/product\/r6700-khoa-thong-minh-bsi-khoa-chot-keo-day\/","title":{"rendered":"R6700 KH\u00d3A TH\u00d4NG MINH BSI KH\u00d3A CH\u1ed0T K\u00c9O\/\u0110\u1ea8Y"},"content":{"rendered":"<h2><strong>Kh\u00f3a th\u00f4ng minh BSI Ch\u1ed1t K\u00e9o \u0110\u1ea9y: Model R6700<\/strong><\/h2>\n<p><strong><span class=\"a_GcMg font-feature-liga-off font-feature-clig-off font-feature-calt-off text-decoration-none text-strikethrough-none\">Truy c\u1eadp \u0111a d\u1ea1ng: V\u00e2n tay, Th\u1ebb t\u1eeb, Password, App, NFC<\/span><\/strong><\/p>\n<div>\n<p><strong>Xu\u1ea5t x\u1ee9: M\u1ef9<\/strong><\/p>\n<p><img decoding=\"async\" class=\"aligncenter size-full wp-image-2397\" src=\"https:\/\/cuatudonganhkhoa.com\/wp-content\/uploads\/2026\/03\/khoa-bsi-R6700.png\" alt=\"kh\u00f3a bsi R6700\" width=\"800\" height=\"500\" srcset=\"https:\/\/cuatudonganhkhoa.com\/wp-content\/uploads\/2026\/03\/khoa-bsi-R6700.png 800w, https:\/\/cuatudonganhkhoa.com\/wp-content\/uploads\/2026\/03\/khoa-bsi-R6700-640x400.png 640w, https:\/\/cuatudonganhkhoa.com\/wp-content\/uploads\/2026\/03\/khoa-bsi-R6700-768x480.png 768w, https:\/\/cuatudonganhkhoa.com\/wp-content\/uploads\/2026\/03\/khoa-bsi-R6700-18x12.png 18w, https:\/\/cuatudonganhkhoa.com\/wp-content\/uploads\/2026\/03\/khoa-bsi-R6700-48x30.png 48w, https:\/\/cuatudonganhkhoa.com\/wp-content\/uploads\/2026\/03\/khoa-bsi-R6700-96x60.png 96w, https:\/\/cuatudonganhkhoa.com\/wp-content\/uploads\/2026\/03\/khoa-bsi-R6700-600x375.png 600w\" sizes=\"(max-width: 800px) 100vw, 800px\" \/><\/p>\n<h2><strong>Li\u00ean h\u1ec7 Anh Khoa Automatic \u0111\u1ec3 l\u1eafp \u0111\u1eb7t kh\u00f3a BSI M\u1ef9 ngay h\u00f4m nay<\/strong><\/h2>\n<p>V\u1edbi \u0111\u1ed9i ng\u0169 k\u1ef9 thu\u1eadt l\u00e0nh ngh\u1ec1, tr\u00ean 10 n\u0103m kinh nghi\u1ec7m c\u00e1c c\u00f4ng tr\u00ecnh \u0111\u1eb3ng c\u1ea5p t\u1ea1i Vi\u1ec7t Nam v\u00e0 c\u00f4ng tr\u00ecnh d\u00e2n d\u1ee5ng, c\u00f4ng ty Anh Khoa \u0111\u1eb7t ni\u1ec1m tin b\u1eb1ng s\u1ef1 uy t\u00edn, h\u1eadu m\u00e3i, gi\u00e1 c\u1ea3 t\u1ed1t nh\u1ea5t cho kh\u00e1ch h\u00e0ng. S\u1ea3n ph\u1ea9m thi\u1ebft b\u1ecb c\u00f4ng ty Anh Khoa lu\u00f4n l\u00e0 s\u1ef1 l\u1ef1a ch\u1ecdn t\u1ed1t nh\u1ea5t cho kh\u00e1ch h\u00e0ng. <i class=\"fas fa-map-marker-alt\"><\/i><\/p>\n<ul>\n<li>206\/22 \u0110\u1ed3ng \u0110en, Ph\u01b0\u1eddng T\u00e2n B\u00ecnh, H\u1ed3 Ch\u00ed Minh\u00a0<i class=\"fas fa-phone\"><\/i><\/li>\n<li><a href=\"tel:0763105671\"><strong>076 310 5671 &#8211; 0904587544<\/strong><\/a>\u00a0<i class=\"fas fa-envelope-square\"><\/i><\/li>\n<li>anhkhoa.automaticsystem@gmail.com\u00a0<i class=\"fas fa-home\"><\/i><\/li>\n<li>cutudonganhkhoa.com<\/li>\n<\/ul>\n<\/div>","protected":false},"excerpt":{"rendered":"<p>Kh\u00f3a th\u00f4ng minh BSI Ch\u1ed1t K\u00e9o \u0110\u1ea9y: Model R6700 Truy c\u1eadp \u0111a d\u1ea1ng: V\u00e2n tay, Th\u1ebb t\u1eeb, Password, App, NFC Xu\u1ea5t x\u1ee9: M\u1ef9 Li\u00ean h\u1ec7 Anh Khoa Automatic \u0111\u1ec3 l\u1eafp \u0111\u1eb7t kh\u00f3a BSI M\u1ef9 ngay h\u00f4m nay V\u1edbi \u0111\u1ed9i ng\u0169 k\u1ef9 thu\u1eadt l\u00e0nh ngh\u1ec1, tr\u00ean 10 n\u0103m kinh nghi\u1ec7m c\u00e1c c\u00f4ng tr\u00ecnh \u0111\u1eb3ng c\u1ea5p t\u1ea1i [&#8230;]","protected":false},"featured_media":2398,"comment_status":"closed","ping_status":"closed","template":"","meta":[],"product_cat":[78],"product_tag":[],"yoast_head":"<!-- This site is optimized with the Yoast SEO plugin v18.5.1 - https:\/\/yoast.com\/wordpress\/plugins\/seo\/ -->\n<title>Kh\u00f3a th\u00f4ng minh BSI M\u1ef8 R6700 ch\u1ed1t kh\u00f3a k\u00e9o \u0111\u1ea9y<\/title>\n<meta name=\"description\" content=\"Kh\u00f3a th\u00f4ng minh BSI R6700 xu\u1ea5t x\u1ee9 t\u1eeb M\u1ef9, v\u1edbi c\u00e1c ch\u1ee9c n\u0103ng V\u00e2n tay, Th\u1ebb t\u1eeb, Password, App, NFC. L\u1eafp \u0111\u1eb7t d\u1ec5 d\u00e0ng v\u00e0 nhanh ch\u00f3ng\" \/>\n<meta name=\"robots\" content=\"index, follow, max-snippet:-1, max-image-preview:large, max-video-preview:-1\" \/>\n<link rel=\"canonical\" href=\"https:\/\/cuatudonganhkhoa.com\/en\/product\/r6700-khoa-thong-minh-bsi-khoa-chot-keo-day\/\" \/>\n<meta property=\"og:locale\" content=\"en_US\" \/>\n<meta property=\"og:type\" content=\"article\" \/>\n<meta property=\"og:title\" content=\"Kh\u00f3a th\u00f4ng minh BSI M\u1ef8 R6700 ch\u1ed1t kh\u00f3a k\u00e9o \u0111\u1ea9y\" \/>\n<meta property=\"og:description\" content=\"Kh\u00f3a th\u00f4ng minh BSI R6700 xu\u1ea5t x\u1ee9 t\u1eeb M\u1ef9, v\u1edbi c\u00e1c ch\u1ee9c n\u0103ng V\u00e2n tay, Th\u1ebb t\u1eeb, Password, App, NFC. L\u1eafp \u0111\u1eb7t d\u1ec5 d\u00e0ng v\u00e0 nhanh ch\u00f3ng\" \/>\n<meta property=\"og:url\" content=\"https:\/\/cuatudonganhkhoa.com\/en\/product\/r6700-khoa-thong-minh-bsi-khoa-chot-keo-day\/\" \/>\n<meta property=\"og:site_name\" content=\"Chuy\u00ean cung c\u1ea5p c\u1eeda t\u1ef1 \u0111\u1ed9ng\" \/>\n<meta property=\"article:modified_time\" content=\"2026-04-06T01:42:24+00:00\" \/>\n<meta property=\"og:image\" content=\"https:\/\/cuatudonganhkhoa.com\/wp-content\/uploads\/2026\/03\/KHOA-BSI-R6700-2.png\" \/>\n\t<meta property=\"og:image:width\" content=\"900\" \/>\n\t<meta property=\"og:image:height\" content=\"900\" \/>\n\t<meta property=\"og:image:type\" content=\"image\/png\" \/>\n<meta name=\"twitter:card\" content=\"summary_large_image\" \/>\n<meta name=\"twitter:label1\" content=\"Est. reading time\" \/>\n\t<meta name=\"twitter:data1\" content=\"1 minute\" \/>\n<script type=\"application\/ld+json\" class=\"yoast-schema-graph\">{\"@context\":\"https:\/\/schema.org\",\"@graph\":[{\"@type\":\"Organization\",\"@id\":\"https:\/\/cuatudonganhkhoa.com\/#organization\",\"name\":\"C\u1eeda T\u1ef1 \u0110\u1ed9ng Anh Khoa\",\"url\":\"https:\/\/cuatudonganhkhoa.com\/\",\"sameAs\":[],\"logo\":{\"@type\":\"ImageObject\",\"@id\":\"https:\/\/cuatudonganhkhoa.com\/#logo\",\"inLanguage\":\"en-US\",\"url\":\"https:\/\/cuatudonganhkhoa.com\/wp-content\/uploads\/2021\/10\/cropped-logocua.jpg\",\"contentUrl\":\"https:\/\/cuatudonganhkhoa.com\/wp-content\/uploads\/2021\/10\/cropped-logocua.jpg\",\"width\":512,\"height\":512,\"caption\":\"C\u1eeda T\u1ef1 \u0110\u1ed9ng Anh Khoa\"},\"image\":{\"@id\":\"https:\/\/cuatudonganhkhoa.com\/#logo\"}},{\"@type\":\"WebSite\",\"@id\":\"https:\/\/cuatudonganhkhoa.com\/#website\",\"url\":\"https:\/\/cuatudonganhkhoa.com\/\",\"name\":\"Chuy\u00ean cung c\u1ea5p c\u1eeda t\u1ef1 \u0111\u1ed9ng\",\"description\":\"ch\u00ednh h\u00e3ng Germany, Panasonic\",\"publisher\":{\"@id\":\"https:\/\/cuatudonganhkhoa.com\/#organization\"},\"potentialAction\":[{\"@type\":\"SearchAction\",\"target\":{\"@type\":\"EntryPoint\",\"urlTemplate\":\"https:\/\/cuatudonganhkhoa.com\/?s={search_term_string}\"},\"query-input\":\"required name=search_term_string\"}],\"inLanguage\":\"en-US\"},{\"@type\":\"ImageObject\",\"@id\":\"https:\/\/cuatudonganhkhoa.com\/san-pham\/r6700-khoa-thong-minh-bsi-khoa-chot-keo-day\/#primaryimage\",\"inLanguage\":\"en-US\",\"url\":\"https:\/\/cuatudonganhkhoa.com\/wp-content\/uploads\/2026\/03\/KHOA-BSI-R6700-2.png\",\"contentUrl\":\"https:\/\/cuatudonganhkhoa.com\/wp-content\/uploads\/2026\/03\/KHOA-BSI-R6700-2.png\",\"width\":900,\"height\":900,\"caption\":\"KH\u00d3A BSI R6700\"},{\"@type\":\"WebPage\",\"@id\":\"https:\/\/cuatudonganhkhoa.com\/san-pham\/r6700-khoa-thong-minh-bsi-khoa-chot-keo-day\/#webpage\",\"url\":\"https:\/\/cuatudonganhkhoa.com\/san-pham\/r6700-khoa-thong-minh-bsi-khoa-chot-keo-day\/\",\"name\":\"Kh\u00f3a th\u00f4ng minh BSI M\u1ef8 R6700 ch\u1ed1t kh\u00f3a k\u00e9o \u0111\u1ea9y\",\"isPartOf\":{\"@id\":\"https:\/\/cuatudonganhkhoa.com\/#website\"},\"primaryImageOfPage\":{\"@id\":\"https:\/\/cuatudonganhkhoa.com\/san-pham\/r6700-khoa-thong-minh-bsi-khoa-chot-keo-day\/#primaryimage\"},\"datePublished\":\"2026-03-12T01:50:38+00:00\",\"dateModified\":\"2026-04-06T01:42:24+00:00\",\"description\":\"Kh\u00f3a th\u00f4ng minh BSI R6700 xu\u1ea5t x\u1ee9 t\u1eeb M\u1ef9, v\u1edbi c\u00e1c ch\u1ee9c n\u0103ng V\u00e2n tay, Th\u1ebb t\u1eeb, Password, App, NFC. L\u1eafp \u0111\u1eb7t d\u1ec5 d\u00e0ng v\u00e0 nhanh ch\u00f3ng\",\"breadcrumb\":{\"@id\":\"https:\/\/cuatudonganhkhoa.com\/san-pham\/r6700-khoa-thong-minh-bsi-khoa-chot-keo-day\/#breadcrumb\"},\"inLanguage\":\"en-US\",\"potentialAction\":[{\"@type\":\"ReadAction\",\"target\":[\"https:\/\/cuatudonganhkhoa.com\/san-pham\/r6700-khoa-thong-minh-bsi-khoa-chot-keo-day\/\"]}]},{\"@type\":\"BreadcrumbList\",\"@id\":\"https:\/\/cuatudonganhkhoa.com\/san-pham\/r6700-khoa-thong-minh-bsi-khoa-chot-keo-day\/#breadcrumb\",\"itemListElement\":[{\"@type\":\"ListItem\",\"position\":1,\"name\":\"Trang ch\u1ee7\",\"item\":\"https:\/\/cuatudonganhkhoa.com\/\"},{\"@type\":\"ListItem\",\"position\":2,\"name\":\"S\u1ea3n ph\u1ea9m\",\"item\":\"https:\/\/cuatudonganhkhoa.com\/san-pham\/\"},{\"@type\":\"ListItem\",\"position\":3,\"name\":\"R6700 KH\u00d3A TH\u00d4NG MINH BSI KH\u00d3A CH\u1ed0T K\u00c9O\/\u0110\u1ea8Y\"}]}]}<\/script>\n<!-- \/ Yoast SEO plugin. -->","yoast_head_json":{"title":"Kh\u00f3a th\u00f4ng minh BSI M\u1ef8 R6700 ch\u1ed1t kh\u00f3a k\u00e9o \u0111\u1ea9y","description":"Kh\u00f3a th\u00f4ng minh BSI R6700 xu\u1ea5t x\u1ee9 t\u1eeb M\u1ef9, v\u1edbi c\u00e1c ch\u1ee9c n\u0103ng V\u00e2n tay, Th\u1ebb t\u1eeb, Password, App, NFC. L\u1eafp \u0111\u1eb7t d\u1ec5 d\u00e0ng v\u00e0 nhanh ch\u00f3ng","robots":{"index":"index","follow":"follow","max-snippet":"max-snippet:-1","max-image-preview":"max-image-preview:large","max-video-preview":"max-video-preview:-1"},"canonical":"https:\/\/cuatudonganhkhoa.com\/en\/product\/r6700-khoa-thong-minh-bsi-khoa-chot-keo-day\/","og_locale":"en_US","og_type":"article","og_title":"Kh\u00f3a th\u00f4ng minh BSI M\u1ef8 R6700 ch\u1ed1t kh\u00f3a k\u00e9o \u0111\u1ea9y","og_description":"Kh\u00f3a th\u00f4ng minh BSI R6700 xu\u1ea5t x\u1ee9 t\u1eeb M\u1ef9, v\u1edbi c\u00e1c ch\u1ee9c n\u0103ng V\u00e2n tay, Th\u1ebb t\u1eeb, Password, App, NFC. L\u1eafp \u0111\u1eb7t d\u1ec5 d\u00e0ng v\u00e0 nhanh ch\u00f3ng","og_url":"https:\/\/cuatudonganhkhoa.com\/en\/product\/r6700-khoa-thong-minh-bsi-khoa-chot-keo-day\/","og_site_name":"Chuy\u00ean cung c\u1ea5p c\u1eeda t\u1ef1 \u0111\u1ed9ng","article_modified_time":"2026-04-06T01:42:24+00:00","og_image":[{"width":900,"height":900,"url":"https:\/\/cuatudonganhkhoa.com\/wp-content\/uploads\/2026\/03\/KHOA-BSI-R6700-2.png","type":"image\/png"}],"twitter_card":"summary_large_image","twitter_misc":{"Est. reading time":"1 minute"},"schema":{"@context":"https:\/\/schema.org","@graph":[{"@type":"Organization","@id":"https:\/\/cuatudonganhkhoa.com\/#organization","name":"C\u1eeda T\u1ef1 \u0110\u1ed9ng Anh Khoa","url":"https:\/\/cuatudonganhkhoa.com\/","sameAs":[],"logo":{"@type":"ImageObject","@id":"https:\/\/cuatudonganhkhoa.com\/#logo","inLanguage":"en-US","url":"https:\/\/cuatudonganhkhoa.com\/wp-content\/uploads\/2021\/10\/cropped-logocua.jpg","contentUrl":"https:\/\/cuatudonganhkhoa.com\/wp-content\/uploads\/2021\/10\/cropped-logocua.jpg","width":512,"height":512,"caption":"C\u1eeda T\u1ef1 \u0110\u1ed9ng Anh Khoa"},"image":{"@id":"https:\/\/cuatudonganhkhoa.com\/#logo"}},{"@type":"WebSite","@id":"https:\/\/cuatudonganhkhoa.com\/#website","url":"https:\/\/cuatudonganhkhoa.com\/","name":"Chuy\u00ean cung c\u1ea5p c\u1eeda t\u1ef1 \u0111\u1ed9ng","description":"ch\u00ednh h\u00e3ng Germany, Panasonic","publisher":{"@id":"https:\/\/cuatudonganhkhoa.com\/#organization"},"potentialAction":[{"@type":"SearchAction","target":{"@type":"EntryPoint","urlTemplate":"https:\/\/cuatudonganhkhoa.com\/?s={search_term_string}"},"query-input":"required name=search_term_string"}],"inLanguage":"en-US"},{"@type":"ImageObject","@id":"https:\/\/cuatudonganhkhoa.com\/san-pham\/r6700-khoa-thong-minh-bsi-khoa-chot-keo-day\/#primaryimage","inLanguage":"en-US","url":"https:\/\/cuatudonganhkhoa.com\/wp-content\/uploads\/2026\/03\/KHOA-BSI-R6700-2.png","contentUrl":"https:\/\/cuatudonganhkhoa.com\/wp-content\/uploads\/2026\/03\/KHOA-BSI-R6700-2.png","width":900,"height":900,"caption":"KH\u00d3A BSI R6700"},{"@type":"WebPage","@id":"https:\/\/cuatudonganhkhoa.com\/san-pham\/r6700-khoa-thong-minh-bsi-khoa-chot-keo-day\/#webpage","url":"https:\/\/cuatudonganhkhoa.com\/san-pham\/r6700-khoa-thong-minh-bsi-khoa-chot-keo-day\/","name":"Kh\u00f3a th\u00f4ng minh BSI M\u1ef8 R6700 ch\u1ed1t kh\u00f3a k\u00e9o \u0111\u1ea9y","isPartOf":{"@id":"https:\/\/cuatudonganhkhoa.com\/#website"},"primaryImageOfPage":{"@id":"https:\/\/cuatudonganhkhoa.com\/san-pham\/r6700-khoa-thong-minh-bsi-khoa-chot-keo-day\/#primaryimage"},"datePublished":"2026-03-12T01:50:38+00:00","dateModified":"2026-04-06T01:42:24+00:00","description":"Kh\u00f3a th\u00f4ng minh BSI R6700 xu\u1ea5t x\u1ee9 t\u1eeb M\u1ef9, v\u1edbi c\u00e1c ch\u1ee9c n\u0103ng V\u00e2n tay, Th\u1ebb t\u1eeb, Password, App, NFC. L\u1eafp \u0111\u1eb7t d\u1ec5 d\u00e0ng v\u00e0 nhanh ch\u00f3ng","breadcrumb":{"@id":"https:\/\/cuatudonganhkhoa.com\/san-pham\/r6700-khoa-thong-minh-bsi-khoa-chot-keo-day\/#breadcrumb"},"inLanguage":"en-US","potentialAction":[{"@type":"ReadAction","target":["https:\/\/cuatudonganhkhoa.com\/san-pham\/r6700-khoa-thong-minh-bsi-khoa-chot-keo-day\/"]}]},{"@type":"BreadcrumbList","@id":"https:\/\/cuatudonganhkhoa.com\/san-pham\/r6700-khoa-thong-minh-bsi-khoa-chot-keo-day\/#breadcrumb","itemListElement":[{"@type":"ListItem","position":1,"name":"Trang ch\u1ee7","item":"https:\/\/cuatudonganhkhoa.com\/"},{"@type":"ListItem","position":2,"name":"S\u1ea3n ph\u1ea9m","item":"https:\/\/cuatudonganhkhoa.com\/san-pham\/"},{"@type":"ListItem","position":3,"name":"R6700 KH\u00d3A TH\u00d4NG MINH BSI KH\u00d3A CH\u1ed0T K\u00c9O\/\u0110\u1ea8Y"}]}]}},"_links":{"self":[{"href":"https:\/\/cuatudonganhkhoa.com\/en\/wp-json\/wp\/v2\/product\/2396"}],"collection":[{"href":"https:\/\/cuatudonganhkhoa.com\/en\/wp-json\/wp\/v2\/product"}],"about":[{"href":"https:\/\/cuatudonganhkhoa.com\/en\/wp-json\/wp\/v2\/types\/product"}],"replies":[{"embeddable":true,"href":"https:\/\/cuatudonganhkhoa.com\/en\/wp-json\/wp\/v2\/comments?post=2396"}],"wp:featuredmedia":[{"embeddable":true,"href":"https:\/\/cuatudonganhkhoa.com\/en\/wp-json\/wp\/v2\/media\/2398"}],"wp:attachment":[{"href":"https:\/\/cuatudonganhkhoa.com\/en\/wp-json\/wp\/v2\/media?parent=2396"}],"wp:term":[{"taxonomy":"product_cat","embeddable":true,"href":"https:\/\/cuatudonganhkhoa.com\/en\/wp-json\/wp\/v2\/product_cat?post=2396"},{"taxonomy":"product_tag","embeddable":true,"href":"https:\/\/cuatudonganhkhoa.com\/en\/wp-json\/wp\/v2\/product_tag?post=2396"}],"curies":[{"name":"wp","href":"https:\/\/api.w.org\/{rel}","templated":true}]}}