{"id":2392,"date":"2026-03-12T08:43:02","date_gmt":"2026-03-12T01:43:02","guid":{"rendered":"https:\/\/cuatudonganhkhoa.com\/?post_type=product&#038;p=2392"},"modified":"2026-04-06T08:43:27","modified_gmt":"2026-04-06T01:43:27","slug":"r6990-khoa-thong-minh-bsi-da-chuc-nang","status":"publish","type":"product","link":"https:\/\/cuatudonganhkhoa.com\/en\/product\/r6990-khoa-thong-minh-bsi-da-chuc-nang\/","title":{"rendered":"R6990 KH\u00d3A TH\u00d4NG MINH BSI \u0110A CH\u1ee8C N\u0102NG"},"content":{"rendered":"<h2>Kh\u00f3a th\u00f4ng minh BSI \u0110a Ch\u1ee9c N\u0103ng: Model R6990<\/h2>\n<p><strong>SPECIFICATIONS<\/strong><\/p>\n<div>\n<table>\n<tbody>\n<tr>\n<td style=\"text-align: center;\">\n<div>\n<p><strong>Model<\/strong><\/p>\n<\/div>\n<\/td>\n<td style=\"text-align: center;\">\n<div>\n<p><strong>R6990<\/strong><\/p>\n<\/div>\n<\/td>\n<\/tr>\n<tr>\n<td style=\"text-align: center;\">\n<div>\n<p>V\u1eadt li\u1ec7u s\u1ea3n ph\u1ea9m<\/p>\n<\/div>\n<\/td>\n<td style=\"text-align: center;\">\n<div>\n<p>H\u1ee3p kim nh\u00f4m<\/p>\n<\/div>\n<\/td>\n<\/tr>\n<tr>\n<td style=\"text-align: center;\">\n<div>\n<p>K\u00edch th\u01b0\u1edbc s\u1ea3n ph\u1ea9m<\/p>\n<\/div>\n<\/td>\n<td style=\"text-align: center;\">\n<div>\n<p>375*38 (mm)<\/p>\n<\/div>\n<\/td>\n<\/tr>\n<tr>\n<td style=\"text-align: center;\">\n<div>\n<p>Ti\u00eau chu\u1ea9n Bluetooth<\/p>\n<\/div>\n<\/td>\n<td style=\"text-align: center;\">\n<div>\n<p>Bluetooth 5.0BLE<\/p>\n<\/div>\n<\/td>\n<\/tr>\n<tr>\n<td style=\"text-align: center;\">\n<div>\n<p>H\u1ec7 th\u1ed1ng \u0111i\u1ec7n tho\u1ea1i di \u0111\u1ed9ng<\/p>\n<\/div>\n<\/td>\n<td style=\"text-align: center;\">\n<div>\n<p>Android 4.3\/iOS 7.0 tr\u1edf l\u00ean<\/p>\n<\/div>\n<\/td>\n<\/tr>\n<tr>\n<td style=\"text-align: center;\">\n<div>\n<p>Ch\u1ebf \u0111\u1ed9 c\u1ea5p ngu\u1ed3n<\/p>\n<\/div>\n<\/td>\n<td style=\"text-align: center;\">\n<div>\n<p>Pin lithium 3000mAh<\/p>\n<\/div>\n<\/td>\n<\/tr>\n<tr>\n<td style=\"text-align: center;\">\n<div>\n<p>\u0110i\u1ec7n \u00e1p c\u1ea3nh b\u00e1o th\u1ea5p<\/p>\n<\/div>\n<\/td>\n<td style=\"text-align: center;\">\n<div>\n<p>6,8V\u00b10,2V<\/p>\n<\/div>\n<\/td>\n<\/tr>\n<tr>\n<td style=\"text-align: center;\">\n<div>\n<p>D\u1ea3i \u0111i\u1ec7n \u00e1p<\/p>\n<\/div>\n<\/td>\n<td style=\"text-align: center;\">\n<div>\n<p>7,4-8,4V<\/p>\n<\/div>\n<\/td>\n<\/tr>\n<tr>\n<td style=\"text-align: center;\">\n<div>\n<p>D\u00f2ng \u0111i\u1ec7n ho\u1ea1t \u0111\u1ed9ng<\/p>\n<\/div>\n<\/td>\n<td style=\"text-align: center;\">\n<div>\n<p>&lt; 200mA<\/p>\n<\/div>\n<\/td>\n<\/tr>\n<tr>\n<td style=\"text-align: center;\">\n<div>\n<p>Th\u1eddi gian m\u1edf kh\u00f3a<\/p>\n<\/div>\n<\/td>\n<td style=\"text-align: center;\">\n<div>\n<p>~1,5 gi\u00e2y<\/p>\n<\/div>\n<\/td>\n<\/tr>\n<tr>\n<td style=\"text-align: center;\">\n<div>\n<p>Ph\u1ea1m vi nhi\u1ec7t \u0111\u1ed9 ho\u1ea1t \u0111\u1ed9ng<\/p>\n<\/div>\n<\/td>\n<td style=\"text-align: center;\">\n<div>\n<p>-25-70\u00b0C<\/p>\n<\/div>\n<\/td>\n<\/tr>\n<tr>\n<td style=\"text-align: center;\">\n<div>\n<p>S\u1ed1 l\u01b0\u1ee3ng FACE ID<\/p>\n<\/div>\n<\/td>\n<td style=\"text-align: center;\">\n<div>\n<p>50<\/p>\n<\/div>\n<\/td>\n<\/tr>\n<tr>\n<td style=\"text-align: center;\">\n<div>\n<p>S\u1ed1 l\u01b0\u1ee3ng m\u1eadt kh\u1ea9u<\/p>\n<\/div>\n<\/td>\n<td style=\"text-align: center;\">\n<div>\n<p>100<\/p>\n<\/div>\n<\/td>\n<\/tr>\n<tr>\n<td style=\"text-align: center;\">\n<div>\n<p>T\u1ed5ng s\u1ed1 ng\u01b0\u1eddi d\u00f9ng<\/p>\n<\/div>\n<\/td>\n<td style=\"text-align: center;\">\n<div>\n<p>300<\/p>\n<\/div>\n<\/td>\n<\/tr>\n<\/tbody>\n<\/table>\n<p><strong><span class=\"a_GcMg font-feature-liga-off font-feature-clig-off font-feature-calt-off text-decoration-none text-strikethrough-none\">Truy c\u1eadp \u0111a d\u1ea1ng: V\u00e2n tay, Th\u1ebb t\u1eeb, Password, App, NFC, FACE ID<\/span><\/strong><\/p>\n<p><strong>Xu\u1ea5t x\u1ee9: M\u1ef9<\/strong><\/p>\n<p><img decoding=\"async\" class=\"aligncenter size-full wp-image-2393\" src=\"https:\/\/cuatudonganhkhoa.com\/wp-content\/uploads\/2026\/03\/khoa-bsi-800-x-500-px-1.png\" alt=\"KH\u00d3A BSI R6990\" width=\"800\" height=\"500\" srcset=\"https:\/\/cuatudonganhkhoa.com\/wp-content\/uploads\/2026\/03\/khoa-bsi-800-x-500-px-1.png 800w, https:\/\/cuatudonganhkhoa.com\/wp-content\/uploads\/2026\/03\/khoa-bsi-800-x-500-px-1-640x400.png 640w, https:\/\/cuatudonganhkhoa.com\/wp-content\/uploads\/2026\/03\/khoa-bsi-800-x-500-px-1-768x480.png 768w, https:\/\/cuatudonganhkhoa.com\/wp-content\/uploads\/2026\/03\/khoa-bsi-800-x-500-px-1-18x12.png 18w, https:\/\/cuatudonganhkhoa.com\/wp-content\/uploads\/2026\/03\/khoa-bsi-800-x-500-px-1-48x30.png 48w, https:\/\/cuatudonganhkhoa.com\/wp-content\/uploads\/2026\/03\/khoa-bsi-800-x-500-px-1-96x60.png 96w, https:\/\/cuatudonganhkhoa.com\/wp-content\/uploads\/2026\/03\/khoa-bsi-800-x-500-px-1-600x375.png 600w\" sizes=\"(max-width: 800px) 100vw, 800px\" \/><\/p>\n<h2><strong>\u1ee8ng d\u1ee5ng SMART LINK &amp; WIFI TUYA Th\u00f4ng minh<\/strong><\/h2>\n<p><img decoding=\"async\" class=\"aligncenter size-full wp-image-2394\" src=\"https:\/\/cuatudonganhkhoa.com\/wp-content\/uploads\/2026\/03\/Khoa-van-tay-SMARTLOCK-HOME-AK.jpg\" alt=\"Kh\u00f3a v\u00e2n tay bsi\" width=\"2000\" height=\"1414\" srcset=\"https:\/\/cuatudonganhkhoa.com\/wp-content\/uploads\/2026\/03\/Khoa-van-tay-SMARTLOCK-HOME-AK.jpg 2000w, https:\/\/cuatudonganhkhoa.com\/wp-content\/uploads\/2026\/03\/Khoa-van-tay-SMARTLOCK-HOME-AK-566x400.jpg 566w, https:\/\/cuatudonganhkhoa.com\/wp-content\/uploads\/2026\/03\/Khoa-van-tay-SMARTLOCK-HOME-AK-1132x800.jpg 1132w, https:\/\/cuatudonganhkhoa.com\/wp-content\/uploads\/2026\/03\/Khoa-van-tay-SMARTLOCK-HOME-AK-768x543.jpg 768w, https:\/\/cuatudonganhkhoa.com\/wp-content\/uploads\/2026\/03\/Khoa-van-tay-SMARTLOCK-HOME-AK-1536x1086.jpg 1536w, https:\/\/cuatudonganhkhoa.com\/wp-content\/uploads\/2026\/03\/Khoa-van-tay-SMARTLOCK-HOME-AK-18x12.jpg 18w, https:\/\/cuatudonganhkhoa.com\/wp-content\/uploads\/2026\/03\/Khoa-van-tay-SMARTLOCK-HOME-AK-42x30.jpg 42w, https:\/\/cuatudonganhkhoa.com\/wp-content\/uploads\/2026\/03\/Khoa-van-tay-SMARTLOCK-HOME-AK-85x60.jpg 85w, https:\/\/cuatudonganhkhoa.com\/wp-content\/uploads\/2026\/03\/Khoa-van-tay-SMARTLOCK-HOME-AK-800x566.jpg 800w, https:\/\/cuatudonganhkhoa.com\/wp-content\/uploads\/2026\/03\/Khoa-van-tay-SMARTLOCK-HOME-AK-600x424.jpg 600w\" sizes=\"(max-width: 2000px) 100vw, 2000px\" \/><\/p>\n<h2>Li\u00ean h\u1ec7 Anh Khoa Automatic \u0111\u1ec3 l\u1eafp \u0111\u1eb7t kh\u00f3a BSI M\u1ef9 ngay h\u00f4m nay<\/h2>\n<p>V\u1edbi \u0111\u1ed9i ng\u0169 k\u1ef9 thu\u1eadt l\u00e0nh ngh\u1ec1, tr\u00ean 10 n\u0103m kinh nghi\u1ec7m c\u00e1c c\u00f4ng tr\u00ecnh \u0111\u1eb3ng c\u1ea5p t\u1ea1i Vi\u1ec7t Nam v\u00e0 c\u00f4ng tr\u00ecnh d\u00e2n d\u1ee5ng, c\u00f4ng ty Anh Khoa \u0111\u1eb7t ni\u1ec1m tin b\u1eb1ng s\u1ef1 uy t\u00edn, h\u1eadu m\u00e3i, gi\u00e1 c\u1ea3 t\u1ed1t nh\u1ea5t cho kh\u00e1ch h\u00e0ng. S\u1ea3n ph\u1ea9m thi\u1ebft b\u1ecb c\u00f4ng ty Anh Khoa lu\u00f4n l\u00e0 s\u1ef1 l\u1ef1a ch\u1ecdn t\u1ed1t nh\u1ea5t cho kh\u00e1ch h\u00e0ng. <i class=\"fas fa-map-marker-alt\"><\/i><\/p>\n<ul>\n<li>206\/22 \u0110\u1ed3ng \u0110en, Ph\u01b0\u1eddng T\u00e2n B\u00ecnh, H\u1ed3 Ch\u00ed Minh\u00a0<i class=\"fas fa-phone\"><\/i><\/li>\n<li><a href=\"tel:0763105671\"><strong>076 310 5671 &#8211; 0904587544<\/strong><\/a>\u00a0<i class=\"fas fa-envelope-square\"><\/i><\/li>\n<li>anhkhoa.automaticsystem@gmail.com\u00a0<i class=\"fas fa-home\"><\/i><\/li>\n<li>cutudonganhkhoa.com<\/li>\n<\/ul>\n<\/div>","protected":false},"excerpt":{"rendered":"<p>Kh\u00f3a th\u00f4ng minh BSI \u0110a Ch\u1ee9c N\u0103ng: Model R6990 TH\u00d4NG S\u1ed0 K\u1ef8 THU\u1eacT Model R6990 V\u1eadt li\u1ec7u s\u1ea3n ph\u1ea9m H\u1ee3p kim nh\u00f4m K\u00edch th\u01b0\u1edbc s\u1ea3n ph\u1ea9m 375*38 (mm) Ti\u00eau chu\u1ea9n Bluetooth Bluetooth 5.0BLE H\u1ec7 th\u1ed1ng \u0111i\u1ec7n tho\u1ea1i di \u0111\u1ed9ng Android 4.3\/iOS 7.0 tr\u1edf l\u00ean Ch\u1ebf \u0111\u1ed9 c\u1ea5p ngu\u1ed3n Pin lithium 3000mAh \u0110i\u1ec7n \u00e1p c\u1ea3nh b\u00e1o [&#8230;]","protected":false},"featured_media":2395,"comment_status":"closed","ping_status":"closed","template":"","meta":[],"product_cat":[78],"product_tag":[],"yoast_head":"<!-- This site is optimized with the Yoast SEO plugin v18.5.1 - https:\/\/yoast.com\/wordpress\/plugins\/seo\/ -->\n<title>Kh\u00f3a th\u00f4ng minh BSI M\u1ef8 R6990<\/title>\n<meta name=\"description\" content=\"Kh\u00f3a th\u00f4ng minh BSI R6990 Xu\u1ea5t x\u1ee9 t\u1eeb M\u1ef9, v\u1edbi c\u00e1c ch\u1ee9c n\u0103ng V\u00e2n tay, Th\u1ebb t\u1eeb, Password, App, NFC, FACE ID. L\u1eafp \u0111\u1eb7t d\u1ec5 d\u00e0ng v\u00e0 nhanh ch\u00f3ng\" \/>\n<meta name=\"robots\" content=\"index, follow, max-snippet:-1, max-image-preview:large, max-video-preview:-1\" \/>\n<link rel=\"canonical\" href=\"https:\/\/cuatudonganhkhoa.com\/en\/product\/r6990-khoa-thong-minh-bsi-da-chuc-nang\/\" \/>\n<meta property=\"og:locale\" content=\"en_US\" \/>\n<meta property=\"og:type\" content=\"article\" \/>\n<meta property=\"og:title\" content=\"Kh\u00f3a th\u00f4ng minh BSI M\u1ef8 R6990\" \/>\n<meta property=\"og:description\" content=\"Kh\u00f3a th\u00f4ng minh BSI R6990 Xu\u1ea5t x\u1ee9 t\u1eeb M\u1ef9, v\u1edbi c\u00e1c ch\u1ee9c n\u0103ng V\u00e2n tay, Th\u1ebb t\u1eeb, Password, App, NFC, FACE ID. L\u1eafp \u0111\u1eb7t d\u1ec5 d\u00e0ng v\u00e0 nhanh ch\u00f3ng\" \/>\n<meta property=\"og:url\" content=\"https:\/\/cuatudonganhkhoa.com\/en\/product\/r6990-khoa-thong-minh-bsi-da-chuc-nang\/\" \/>\n<meta property=\"og:site_name\" content=\"Chuy\u00ean cung c\u1ea5p c\u1eeda t\u1ef1 \u0111\u1ed9ng\" \/>\n<meta property=\"article:modified_time\" content=\"2026-04-06T01:43:27+00:00\" \/>\n<meta property=\"og:image\" content=\"https:\/\/cuatudonganhkhoa.com\/wp-content\/uploads\/2026\/03\/KHOA-BSI-R6990.png\" \/>\n\t<meta property=\"og:image:width\" content=\"900\" \/>\n\t<meta property=\"og:image:height\" content=\"900\" \/>\n\t<meta property=\"og:image:type\" content=\"image\/png\" \/>\n<meta name=\"twitter:card\" content=\"summary_large_image\" \/>\n<meta name=\"twitter:label1\" content=\"Est. reading time\" \/>\n\t<meta name=\"twitter:data1\" content=\"2 minutes\" \/>\n<script type=\"application\/ld+json\" class=\"yoast-schema-graph\">{\"@context\":\"https:\/\/schema.org\",\"@graph\":[{\"@type\":\"Organization\",\"@id\":\"https:\/\/cuatudonganhkhoa.com\/#organization\",\"name\":\"C\u1eeda T\u1ef1 \u0110\u1ed9ng Anh Khoa\",\"url\":\"https:\/\/cuatudonganhkhoa.com\/\",\"sameAs\":[],\"logo\":{\"@type\":\"ImageObject\",\"@id\":\"https:\/\/cuatudonganhkhoa.com\/#logo\",\"inLanguage\":\"en-US\",\"url\":\"https:\/\/cuatudonganhkhoa.com\/wp-content\/uploads\/2021\/10\/cropped-logocua.jpg\",\"contentUrl\":\"https:\/\/cuatudonganhkhoa.com\/wp-content\/uploads\/2021\/10\/cropped-logocua.jpg\",\"width\":512,\"height\":512,\"caption\":\"C\u1eeda T\u1ef1 \u0110\u1ed9ng Anh Khoa\"},\"image\":{\"@id\":\"https:\/\/cuatudonganhkhoa.com\/#logo\"}},{\"@type\":\"WebSite\",\"@id\":\"https:\/\/cuatudonganhkhoa.com\/#website\",\"url\":\"https:\/\/cuatudonganhkhoa.com\/\",\"name\":\"Chuy\u00ean cung c\u1ea5p c\u1eeda t\u1ef1 \u0111\u1ed9ng\",\"description\":\"ch\u00ednh h\u00e3ng Germany, Panasonic\",\"publisher\":{\"@id\":\"https:\/\/cuatudonganhkhoa.com\/#organization\"},\"potentialAction\":[{\"@type\":\"SearchAction\",\"target\":{\"@type\":\"EntryPoint\",\"urlTemplate\":\"https:\/\/cuatudonganhkhoa.com\/?s={search_term_string}\"},\"query-input\":\"required name=search_term_string\"}],\"inLanguage\":\"en-US\"},{\"@type\":\"ImageObject\",\"@id\":\"https:\/\/cuatudonganhkhoa.com\/san-pham\/r6990-khoa-thong-minh-bsi-da-chuc-nang\/#primaryimage\",\"inLanguage\":\"en-US\",\"url\":\"https:\/\/cuatudonganhkhoa.com\/wp-content\/uploads\/2026\/03\/KHOA-BSI-R6990.png\",\"contentUrl\":\"https:\/\/cuatudonganhkhoa.com\/wp-content\/uploads\/2026\/03\/KHOA-BSI-R6990.png\",\"width\":900,\"height\":900},{\"@type\":\"WebPage\",\"@id\":\"https:\/\/cuatudonganhkhoa.com\/san-pham\/r6990-khoa-thong-minh-bsi-da-chuc-nang\/#webpage\",\"url\":\"https:\/\/cuatudonganhkhoa.com\/san-pham\/r6990-khoa-thong-minh-bsi-da-chuc-nang\/\",\"name\":\"Kh\u00f3a th\u00f4ng minh BSI M\u1ef8 R6990\",\"isPartOf\":{\"@id\":\"https:\/\/cuatudonganhkhoa.com\/#website\"},\"primaryImageOfPage\":{\"@id\":\"https:\/\/cuatudonganhkhoa.com\/san-pham\/r6990-khoa-thong-minh-bsi-da-chuc-nang\/#primaryimage\"},\"datePublished\":\"2026-03-12T01:43:02+00:00\",\"dateModified\":\"2026-04-06T01:43:27+00:00\",\"description\":\"Kh\u00f3a th\u00f4ng minh BSI R6990 Xu\u1ea5t x\u1ee9 t\u1eeb M\u1ef9, v\u1edbi c\u00e1c ch\u1ee9c n\u0103ng V\u00e2n tay, Th\u1ebb t\u1eeb, Password, App, NFC, FACE ID. L\u1eafp \u0111\u1eb7t d\u1ec5 d\u00e0ng v\u00e0 nhanh ch\u00f3ng\",\"breadcrumb\":{\"@id\":\"https:\/\/cuatudonganhkhoa.com\/san-pham\/r6990-khoa-thong-minh-bsi-da-chuc-nang\/#breadcrumb\"},\"inLanguage\":\"en-US\",\"potentialAction\":[{\"@type\":\"ReadAction\",\"target\":[\"https:\/\/cuatudonganhkhoa.com\/san-pham\/r6990-khoa-thong-minh-bsi-da-chuc-nang\/\"]}]},{\"@type\":\"BreadcrumbList\",\"@id\":\"https:\/\/cuatudonganhkhoa.com\/san-pham\/r6990-khoa-thong-minh-bsi-da-chuc-nang\/#breadcrumb\",\"itemListElement\":[{\"@type\":\"ListItem\",\"position\":1,\"name\":\"Trang ch\u1ee7\",\"item\":\"https:\/\/cuatudonganhkhoa.com\/\"},{\"@type\":\"ListItem\",\"position\":2,\"name\":\"S\u1ea3n ph\u1ea9m\",\"item\":\"https:\/\/cuatudonganhkhoa.com\/san-pham\/\"},{\"@type\":\"ListItem\",\"position\":3,\"name\":\"R6990 KH\u00d3A TH\u00d4NG MINH BSI \u0110A CH\u1ee8C N\u0102NG\"}]}]}<\/script>\n<!-- \/ Yoast SEO plugin. -->","yoast_head_json":{"title":"Kh\u00f3a th\u00f4ng minh BSI M\u1ef8 R6990","description":"Kh\u00f3a th\u00f4ng minh BSI R6990 Xu\u1ea5t x\u1ee9 t\u1eeb M\u1ef9, v\u1edbi c\u00e1c ch\u1ee9c n\u0103ng V\u00e2n tay, Th\u1ebb t\u1eeb, Password, App, NFC, FACE ID. L\u1eafp \u0111\u1eb7t d\u1ec5 d\u00e0ng v\u00e0 nhanh ch\u00f3ng","robots":{"index":"index","follow":"follow","max-snippet":"max-snippet:-1","max-image-preview":"max-image-preview:large","max-video-preview":"max-video-preview:-1"},"canonical":"https:\/\/cuatudonganhkhoa.com\/en\/product\/r6990-khoa-thong-minh-bsi-da-chuc-nang\/","og_locale":"en_US","og_type":"article","og_title":"Kh\u00f3a th\u00f4ng minh BSI M\u1ef8 R6990","og_description":"Kh\u00f3a th\u00f4ng minh BSI R6990 Xu\u1ea5t x\u1ee9 t\u1eeb M\u1ef9, v\u1edbi c\u00e1c ch\u1ee9c n\u0103ng V\u00e2n tay, Th\u1ebb t\u1eeb, Password, App, NFC, FACE ID. L\u1eafp \u0111\u1eb7t d\u1ec5 d\u00e0ng v\u00e0 nhanh ch\u00f3ng","og_url":"https:\/\/cuatudonganhkhoa.com\/en\/product\/r6990-khoa-thong-minh-bsi-da-chuc-nang\/","og_site_name":"Chuy\u00ean cung c\u1ea5p c\u1eeda t\u1ef1 \u0111\u1ed9ng","article_modified_time":"2026-04-06T01:43:27+00:00","og_image":[{"width":900,"height":900,"url":"https:\/\/cuatudonganhkhoa.com\/wp-content\/uploads\/2026\/03\/KHOA-BSI-R6990.png","type":"image\/png"}],"twitter_card":"summary_large_image","twitter_misc":{"Est. reading time":"2 minutes"},"schema":{"@context":"https:\/\/schema.org","@graph":[{"@type":"Organization","@id":"https:\/\/cuatudonganhkhoa.com\/#organization","name":"C\u1eeda T\u1ef1 \u0110\u1ed9ng Anh Khoa","url":"https:\/\/cuatudonganhkhoa.com\/","sameAs":[],"logo":{"@type":"ImageObject","@id":"https:\/\/cuatudonganhkhoa.com\/#logo","inLanguage":"en-US","url":"https:\/\/cuatudonganhkhoa.com\/wp-content\/uploads\/2021\/10\/cropped-logocua.jpg","contentUrl":"https:\/\/cuatudonganhkhoa.com\/wp-content\/uploads\/2021\/10\/cropped-logocua.jpg","width":512,"height":512,"caption":"C\u1eeda T\u1ef1 \u0110\u1ed9ng Anh Khoa"},"image":{"@id":"https:\/\/cuatudonganhkhoa.com\/#logo"}},{"@type":"WebSite","@id":"https:\/\/cuatudonganhkhoa.com\/#website","url":"https:\/\/cuatudonganhkhoa.com\/","name":"Chuy\u00ean cung c\u1ea5p c\u1eeda t\u1ef1 \u0111\u1ed9ng","description":"ch\u00ednh h\u00e3ng Germany, Panasonic","publisher":{"@id":"https:\/\/cuatudonganhkhoa.com\/#organization"},"potentialAction":[{"@type":"SearchAction","target":{"@type":"EntryPoint","urlTemplate":"https:\/\/cuatudonganhkhoa.com\/?s={search_term_string}"},"query-input":"required name=search_term_string"}],"inLanguage":"en-US"},{"@type":"ImageObject","@id":"https:\/\/cuatudonganhkhoa.com\/san-pham\/r6990-khoa-thong-minh-bsi-da-chuc-nang\/#primaryimage","inLanguage":"en-US","url":"https:\/\/cuatudonganhkhoa.com\/wp-content\/uploads\/2026\/03\/KHOA-BSI-R6990.png","contentUrl":"https:\/\/cuatudonganhkhoa.com\/wp-content\/uploads\/2026\/03\/KHOA-BSI-R6990.png","width":900,"height":900},{"@type":"WebPage","@id":"https:\/\/cuatudonganhkhoa.com\/san-pham\/r6990-khoa-thong-minh-bsi-da-chuc-nang\/#webpage","url":"https:\/\/cuatudonganhkhoa.com\/san-pham\/r6990-khoa-thong-minh-bsi-da-chuc-nang\/","name":"Kh\u00f3a th\u00f4ng minh BSI M\u1ef8 R6990","isPartOf":{"@id":"https:\/\/cuatudonganhkhoa.com\/#website"},"primaryImageOfPage":{"@id":"https:\/\/cuatudonganhkhoa.com\/san-pham\/r6990-khoa-thong-minh-bsi-da-chuc-nang\/#primaryimage"},"datePublished":"2026-03-12T01:43:02+00:00","dateModified":"2026-04-06T01:43:27+00:00","description":"Kh\u00f3a th\u00f4ng minh BSI R6990 Xu\u1ea5t x\u1ee9 t\u1eeb M\u1ef9, v\u1edbi c\u00e1c ch\u1ee9c n\u0103ng V\u00e2n tay, Th\u1ebb t\u1eeb, Password, App, NFC, FACE ID. L\u1eafp \u0111\u1eb7t d\u1ec5 d\u00e0ng v\u00e0 nhanh ch\u00f3ng","breadcrumb":{"@id":"https:\/\/cuatudonganhkhoa.com\/san-pham\/r6990-khoa-thong-minh-bsi-da-chuc-nang\/#breadcrumb"},"inLanguage":"en-US","potentialAction":[{"@type":"ReadAction","target":["https:\/\/cuatudonganhkhoa.com\/san-pham\/r6990-khoa-thong-minh-bsi-da-chuc-nang\/"]}]},{"@type":"BreadcrumbList","@id":"https:\/\/cuatudonganhkhoa.com\/san-pham\/r6990-khoa-thong-minh-bsi-da-chuc-nang\/#breadcrumb","itemListElement":[{"@type":"ListItem","position":1,"name":"Trang ch\u1ee7","item":"https:\/\/cuatudonganhkhoa.com\/"},{"@type":"ListItem","position":2,"name":"S\u1ea3n ph\u1ea9m","item":"https:\/\/cuatudonganhkhoa.com\/san-pham\/"},{"@type":"ListItem","position":3,"name":"R6990 KH\u00d3A TH\u00d4NG MINH BSI \u0110A CH\u1ee8C N\u0102NG"}]}]}},"_links":{"self":[{"href":"https:\/\/cuatudonganhkhoa.com\/en\/wp-json\/wp\/v2\/product\/2392"}],"collection":[{"href":"https:\/\/cuatudonganhkhoa.com\/en\/wp-json\/wp\/v2\/product"}],"about":[{"href":"https:\/\/cuatudonganhkhoa.com\/en\/wp-json\/wp\/v2\/types\/product"}],"replies":[{"embeddable":true,"href":"https:\/\/cuatudonganhkhoa.com\/en\/wp-json\/wp\/v2\/comments?post=2392"}],"wp:featuredmedia":[{"embeddable":true,"href":"https:\/\/cuatudonganhkhoa.com\/en\/wp-json\/wp\/v2\/media\/2395"}],"wp:attachment":[{"href":"https:\/\/cuatudonganhkhoa.com\/en\/wp-json\/wp\/v2\/media?parent=2392"}],"wp:term":[{"taxonomy":"product_cat","embeddable":true,"href":"https:\/\/cuatudonganhkhoa.com\/en\/wp-json\/wp\/v2\/product_cat?post=2392"},{"taxonomy":"product_tag","embeddable":true,"href":"https:\/\/cuatudonganhkhoa.com\/en\/wp-json\/wp\/v2\/product_tag?post=2392"}],"curies":[{"name":"wp","href":"https:\/\/api.w.org\/{rel}","templated":true}]}}