{"id":2348,"date":"2026-01-09T13:50:37","date_gmt":"2026-01-09T06:50:37","guid":{"rendered":"https:\/\/cuatudonganhkhoa.com\/?post_type=product&#038;p=2348"},"modified":"2026-01-09T13:50:38","modified_gmt":"2026-01-09T06:50:38","slug":"motor-cua-truot-tu-dong-manner","status":"publish","type":"product","link":"https:\/\/cuatudonganhkhoa.com\/en\/product\/motor-cua-truot-tu-dong-manner\/","title":{"rendered":"MOTOR C\u1eecA TR\u01af\u1ee2T T\u1ef0 \u0110\u1ed8NG MANNER"},"content":{"rendered":"<p><strong>MOTOR C\u1eecA TR\u01af\u1ee2T MANNER &#8211; MADE IN KOREA\u00a0<\/strong><\/p>\n<table style=\"border-collapse: collapse; width: 39.4861%; height: 133px;\">\n<tbody>\n<tr style=\"height: 28px;\">\n<td style=\"width: 29.8265%; text-align: center; height: 28px;\"><span style=\"font-size: 130%;\"><strong>\u00a0<\/strong><\/span><\/td>\n<td style=\"width: 35.0325%; text-align: center; height: 28px;\"><span style=\"font-size: 130%;\"><strong>V01<\/strong><\/span><\/td>\n<td style=\"width: 35.0325%; text-align: center; height: 28px;\"><span style=\"font-size: 130%;\"><strong>V02<\/strong><\/span><\/td>\n<\/tr>\n<tr style=\"height: 21px;\">\n<td style=\"width: 29.8265%; text-align: center; height: 21px;\"><span class=\"a_GcMg font-feature-liga-off font-feature-clig-off font-feature-calt-off text-decoration-none text-strikethrough-none\">Door Weight Maximum (single leaf)<\/span><\/td>\n<td style=\"width: 35.0325%; text-align: center; height: 21px;\"><span class=\"a_GcMg font-feature-liga-off font-feature-clig-off font-feature-calt-off text-decoration-none text-strikethrough-none\">120kg<\/span><\/td>\n<td style=\"width: 35.0325%; text-align: center; height: 21px;\"><span class=\"a_GcMg font-feature-liga-off font-feature-clig-off font-feature-calt-off text-decoration-none text-strikethrough-none\">\u00a0200kg<\/span><\/td>\n<\/tr>\n<tr style=\"height: 21px;\">\n<td style=\"width: 29.8265%; text-align: center; height: 21px;\"><span class=\"a_GcMg font-feature-liga-off font-feature-clig-off font-feature-calt-off text-decoration-none text-strikethrough-none\">Door Weight Maximum (double leaf)<\/span><span class=\"a_GcMg font-feature-liga-off font-feature-clig-off font-feature-calt-off text-decoration-none text-strikethrough-none\"><br \/>\n<\/span><\/td>\n<td style=\"width: 35.0325%; text-align: center; height: 21px;\"><span class=\"a_GcMg font-feature-liga-off font-feature-clig-off font-feature-calt-off text-decoration-none text-strikethrough-none\">200kg<\/span><\/td>\n<td style=\"width: 35.0325%; text-align: center; height: 21px;\"><span class=\"a_GcMg font-feature-liga-off font-feature-clig-off font-feature-calt-off text-decoration-none text-strikethrough-none\">300kg<\/span><\/td>\n<\/tr>\n<tr style=\"height: 21px;\">\n<td style=\"width: 29.8265%; text-align: center; height: 21px;\"><span class=\"a_GcMg font-feature-liga-off font-feature-clig-off font-feature-calt-off text-decoration-none text-strikethrough-none\">motor<\/span><span class=\"a_GcMg font-feature-liga-off font-feature-clig-off font-feature-calt-off text-decoration-none text-strikethrough-none\"><br \/>\n<\/span><\/td>\n<td style=\"width: 35.0325%; text-align: center; height: 21px;\"><span class=\"a_GcMg font-feature-liga-off font-feature-clig-off font-feature-calt-off text-decoration-none text-strikethrough-none\">BLDC 60W<\/span><\/td>\n<td style=\"width: 35.0325%; text-align: center; height: 21px;\"><span class=\"a_GcMg font-feature-liga-off font-feature-clig-off font-feature-calt-off text-decoration-none text-strikethrough-none\">BLDC 120W<\/span><\/td>\n<\/tr>\n<tr style=\"height: 21px;\">\n<td style=\"width: 29.8265%; text-align: center; height: 21px;\"><span class=\"a_GcMg font-feature-liga-off font-feature-clig-off font-feature-calt-off text-decoration-none text-strikethrough-none\">Speed of opening\/ shutting<\/span><span class=\"a_GcMg font-feature-liga-off font-feature-clig-off font-feature-calt-off text-decoration-none text-strikethrough-none\"><br \/>\n<\/span><\/td>\n<td style=\"width: 35.0325%; text-align: center; height: 21px;\"><span class=\"a_GcMg font-feature-liga-off font-feature-clig-off font-feature-calt-off text-decoration-none text-strikethrough-none\">600 mm \/ Sec<\/span><\/td>\n<td style=\"width: 35.0325%; text-align: center; height: 21px;\"><span class=\"a_GcMg font-feature-liga-off font-feature-clig-off font-feature-calt-off text-decoration-none text-strikethrough-none\">500 mm \/ Sec<\/span><\/td>\n<\/tr>\n<tr style=\"height: 21px;\">\n<td style=\"width: 29.8265%; text-align: center; height: 21px;\"><span class=\"a_GcMg font-feature-liga-off font-feature-clig-off font-feature-calt-off text-decoration-none text-strikethrough-none\">Maximum acceleration<\/span><span class=\"a_GcMg font-feature-liga-off font-feature-clig-off font-feature-calt-off text-decoration-none text-strikethrough-none\"><br \/>\n<\/span><\/td>\n<td style=\"width: 35.0325%; text-align: center; height: 21px;\"><span class=\"a_GcMg font-feature-liga-off font-feature-clig-off font-feature-calt-off text-decoration-none text-strikethrough-none\">760mm \/ Sec <span class=\"a_GcMg font-feature-liga-off font-feature-clig-off font-feature-calt-off text-decoration-none text-strikethrough-none font-size-modifier vertical-align\">2<\/span> <\/span><\/td>\n<td style=\"width: 35.0325%; text-align: center; height: 21px;\"><span class=\"a_GcMg font-feature-liga-off font-feature-clig-off font-feature-calt-off text-decoration-none text-strikethrough-none\">760mm \/ Sec <span class=\"a_GcMg font-feature-liga-off font-feature-clig-off font-feature-calt-off text-decoration-none text-strikethrough-none font-size-modifier vertical-align\">2<\/span> <\/span><\/td>\n<\/tr>\n<\/tbody>\n<\/table>\n<p>+ Th\u01b0\u01a1ng hi\u1ec7u: Manner<\/p>\n<p>+ Design: modern and highly aesthetic.<\/p>\n<p>+ Ngu\u1ed3n \u0111i\u1ec7n: 24v<\/p>\n<p>&nbsp;<\/p>","protected":false},"excerpt":{"rendered":"<div class=\"product-short-description\">\n<p>C\u1eeda tr\u01b0\u1ee3t t\u1ef1 \u0111\u1ed9ng th\u01b0\u01a1ng hi\u1ec7u Manner \u0111\u01b0\u1ee3c nh\u1eadp kh\u1ea9u 100% t\u1eeb H\u00e0n Qu\u1ed1c. V\u1edbi thi\u1ebft k\u1ebf th\u1ea9m m\u1ef9, nh\u1ecf g\u1ecdn, m\u00e0u s\u1eafc h\u00e0i h\u00f2a s\u1ebd t\u00f4n l\u00ean s\u1ef1 hi\u1ec7n \u0111\u1ea1i v\u00e0 \u0111\u1eb3ng c\u1ea5p cho ng\u00f4i nh\u00e0 c\u1ee7a b\u1ea1n. Ph\u00f9 h\u1ee3p v\u1edbi nhi\u1ec1u lo\u1ea1i c\u1eeda.<\/p>\n<\/div>\n<div class=\"product_meta\"><\/div>","protected":false},"featured_media":2344,"comment_status":"closed","ping_status":"closed","template":"","meta":[],"product_cat":[74],"product_tag":[],"yoast_head":"<!-- This site is optimized with the Yoast SEO plugin v18.5.1 - https:\/\/yoast.com\/wordpress\/plugins\/seo\/ -->\n<title>MOTOR C\u1ed4NG TR\u01af\u1ee2T TURBO KIT KEY ITALY 230VAC<\/title>\n<meta name=\"description\" content=\"Motor c\u1ed5ng tr\u01b0\u1ee3t gi\u00e1 \u0111\u1ea1i l\u00fd, nh\u1eadp kh\u1ea9u tr\u1ef1c ti\u1ebfp t\u1eeb Ch\u00e2u \u00c2u. Li\u00ean h\u1ec7 Anh Khoa Automatic 0904 587 544 \u0111\u1ec3 \u0111\u01b0\u1ee3c t\u01b0 v\u1ea5n v\u00e0 l\u1eafp \u0111\u1eb7t nhanh ch\u00f3ng\" \/>\n<meta name=\"robots\" content=\"index, follow, max-snippet:-1, max-image-preview:large, max-video-preview:-1\" \/>\n<link rel=\"canonical\" href=\"https:\/\/cuatudonganhkhoa.com\/en\/product\/motor-cua-truot-tu-dong-manner\/\" \/>\n<meta property=\"og:locale\" content=\"en_US\" \/>\n<meta property=\"og:type\" content=\"article\" \/>\n<meta property=\"og:title\" content=\"MOTOR C\u1ed4NG TR\u01af\u1ee2T TURBO KIT KEY ITALY 230VAC\" \/>\n<meta property=\"og:description\" content=\"Motor c\u1ed5ng tr\u01b0\u1ee3t gi\u00e1 \u0111\u1ea1i l\u00fd, nh\u1eadp kh\u1ea9u tr\u1ef1c ti\u1ebfp t\u1eeb Ch\u00e2u \u00c2u. Li\u00ean h\u1ec7 Anh Khoa Automatic 0904 587 544 \u0111\u1ec3 \u0111\u01b0\u1ee3c t\u01b0 v\u1ea5n v\u00e0 l\u1eafp \u0111\u1eb7t nhanh ch\u00f3ng\" \/>\n<meta property=\"og:url\" content=\"https:\/\/cuatudonganhkhoa.com\/en\/product\/motor-cua-truot-tu-dong-manner\/\" \/>\n<meta property=\"og:site_name\" content=\"Chuy\u00ean cung c\u1ea5p c\u1eeda t\u1ef1 \u0111\u1ed9ng\" \/>\n<meta property=\"article:modified_time\" content=\"2026-01-09T06:50:38+00:00\" \/>\n<meta property=\"og:image\" content=\"https:\/\/cuatudonganhkhoa.com\/wp-content\/uploads\/2026\/01\/Chua-co-ten-900-x-450-px-900-x-900-px.jpg\" \/>\n\t<meta property=\"og:image:width\" content=\"900\" \/>\n\t<meta property=\"og:image:height\" content=\"900\" \/>\n\t<meta property=\"og:image:type\" content=\"image\/jpeg\" \/>\n<meta name=\"twitter:card\" content=\"summary_large_image\" \/>\n<script type=\"application\/ld+json\" class=\"yoast-schema-graph\">{\"@context\":\"https:\/\/schema.org\",\"@graph\":[{\"@type\":\"Organization\",\"@id\":\"https:\/\/cuatudonganhkhoa.com\/#organization\",\"name\":\"C\u1eeda T\u1ef1 \u0110\u1ed9ng Anh Khoa\",\"url\":\"https:\/\/cuatudonganhkhoa.com\/\",\"sameAs\":[],\"logo\":{\"@type\":\"ImageObject\",\"@id\":\"https:\/\/cuatudonganhkhoa.com\/#logo\",\"inLanguage\":\"en-US\",\"url\":\"https:\/\/cuatudonganhkhoa.com\/wp-content\/uploads\/2021\/10\/cropped-logocua.jpg\",\"contentUrl\":\"https:\/\/cuatudonganhkhoa.com\/wp-content\/uploads\/2021\/10\/cropped-logocua.jpg\",\"width\":512,\"height\":512,\"caption\":\"C\u1eeda T\u1ef1 \u0110\u1ed9ng Anh Khoa\"},\"image\":{\"@id\":\"https:\/\/cuatudonganhkhoa.com\/#logo\"}},{\"@type\":\"WebSite\",\"@id\":\"https:\/\/cuatudonganhkhoa.com\/#website\",\"url\":\"https:\/\/cuatudonganhkhoa.com\/\",\"name\":\"Chuy\u00ean cung c\u1ea5p c\u1eeda t\u1ef1 \u0111\u1ed9ng\",\"description\":\"ch\u00ednh h\u00e3ng Germany, Panasonic\",\"publisher\":{\"@id\":\"https:\/\/cuatudonganhkhoa.com\/#organization\"},\"potentialAction\":[{\"@type\":\"SearchAction\",\"target\":{\"@type\":\"EntryPoint\",\"urlTemplate\":\"https:\/\/cuatudonganhkhoa.com\/?s={search_term_string}\"},\"query-input\":\"required name=search_term_string\"}],\"inLanguage\":\"en-US\"},{\"@type\":\"ImageObject\",\"@id\":\"https:\/\/cuatudonganhkhoa.com\/san-pham\/motor-cua-truot-tu-dong-manner\/#primaryimage\",\"inLanguage\":\"en-US\",\"url\":\"https:\/\/cuatudonganhkhoa.com\/wp-content\/uploads\/2026\/01\/Chua-co-ten-900-x-450-px-900-x-900-px.jpg\",\"contentUrl\":\"https:\/\/cuatudonganhkhoa.com\/wp-content\/uploads\/2026\/01\/Chua-co-ten-900-x-450-px-900-x-900-px.jpg\",\"width\":900,\"height\":900,\"caption\":\"Manner\"},{\"@type\":\"WebPage\",\"@id\":\"https:\/\/cuatudonganhkhoa.com\/san-pham\/motor-cua-truot-tu-dong-manner\/#webpage\",\"url\":\"https:\/\/cuatudonganhkhoa.com\/san-pham\/motor-cua-truot-tu-dong-manner\/\",\"name\":\"MOTOR C\u1ed4NG TR\u01af\u1ee2T TURBO KIT KEY ITALY 230VAC\",\"isPartOf\":{\"@id\":\"https:\/\/cuatudonganhkhoa.com\/#website\"},\"primaryImageOfPage\":{\"@id\":\"https:\/\/cuatudonganhkhoa.com\/san-pham\/motor-cua-truot-tu-dong-manner\/#primaryimage\"},\"datePublished\":\"2026-01-09T06:50:37+00:00\",\"dateModified\":\"2026-01-09T06:50:38+00:00\",\"description\":\"Motor c\u1ed5ng tr\u01b0\u1ee3t gi\u00e1 \u0111\u1ea1i l\u00fd, nh\u1eadp kh\u1ea9u tr\u1ef1c ti\u1ebfp t\u1eeb Ch\u00e2u \u00c2u. Li\u00ean h\u1ec7 Anh Khoa Automatic 0904 587 544 \u0111\u1ec3 \u0111\u01b0\u1ee3c t\u01b0 v\u1ea5n v\u00e0 l\u1eafp \u0111\u1eb7t nhanh ch\u00f3ng\",\"breadcrumb\":{\"@id\":\"https:\/\/cuatudonganhkhoa.com\/san-pham\/motor-cua-truot-tu-dong-manner\/#breadcrumb\"},\"inLanguage\":\"en-US\",\"potentialAction\":[{\"@type\":\"ReadAction\",\"target\":[\"https:\/\/cuatudonganhkhoa.com\/san-pham\/motor-cua-truot-tu-dong-manner\/\"]}]},{\"@type\":\"BreadcrumbList\",\"@id\":\"https:\/\/cuatudonganhkhoa.com\/san-pham\/motor-cua-truot-tu-dong-manner\/#breadcrumb\",\"itemListElement\":[{\"@type\":\"ListItem\",\"position\":1,\"name\":\"Trang ch\u1ee7\",\"item\":\"https:\/\/cuatudonganhkhoa.com\/\"},{\"@type\":\"ListItem\",\"position\":2,\"name\":\"S\u1ea3n ph\u1ea9m\",\"item\":\"https:\/\/cuatudonganhkhoa.com\/san-pham\/\"},{\"@type\":\"ListItem\",\"position\":3,\"name\":\"MOTOR C\u1eecA TR\u01af\u1ee2T T\u1ef0 \u0110\u1ed8NG MANNER\"}]}]}<\/script>\n<!-- \/ Yoast SEO plugin. -->","yoast_head_json":{"title":"MOTOR C\u1ed4NG TR\u01af\u1ee2T TURBO KIT KEY ITALY 230VAC","description":"Motor c\u1ed5ng tr\u01b0\u1ee3t gi\u00e1 \u0111\u1ea1i l\u00fd, nh\u1eadp kh\u1ea9u tr\u1ef1c ti\u1ebfp t\u1eeb Ch\u00e2u \u00c2u. Li\u00ean h\u1ec7 Anh Khoa Automatic 0904 587 544 \u0111\u1ec3 \u0111\u01b0\u1ee3c t\u01b0 v\u1ea5n v\u00e0 l\u1eafp \u0111\u1eb7t nhanh ch\u00f3ng","robots":{"index":"index","follow":"follow","max-snippet":"max-snippet:-1","max-image-preview":"max-image-preview:large","max-video-preview":"max-video-preview:-1"},"canonical":"https:\/\/cuatudonganhkhoa.com\/en\/product\/motor-cua-truot-tu-dong-manner\/","og_locale":"en_US","og_type":"article","og_title":"MOTOR C\u1ed4NG TR\u01af\u1ee2T TURBO KIT KEY ITALY 230VAC","og_description":"Motor c\u1ed5ng tr\u01b0\u1ee3t gi\u00e1 \u0111\u1ea1i l\u00fd, nh\u1eadp kh\u1ea9u tr\u1ef1c ti\u1ebfp t\u1eeb Ch\u00e2u \u00c2u. Li\u00ean h\u1ec7 Anh Khoa Automatic 0904 587 544 \u0111\u1ec3 \u0111\u01b0\u1ee3c t\u01b0 v\u1ea5n v\u00e0 l\u1eafp \u0111\u1eb7t nhanh ch\u00f3ng","og_url":"https:\/\/cuatudonganhkhoa.com\/en\/product\/motor-cua-truot-tu-dong-manner\/","og_site_name":"Chuy\u00ean cung c\u1ea5p c\u1eeda t\u1ef1 \u0111\u1ed9ng","article_modified_time":"2026-01-09T06:50:38+00:00","og_image":[{"width":900,"height":900,"url":"https:\/\/cuatudonganhkhoa.com\/wp-content\/uploads\/2026\/01\/Chua-co-ten-900-x-450-px-900-x-900-px.jpg","type":"image\/jpeg"}],"twitter_card":"summary_large_image","schema":{"@context":"https:\/\/schema.org","@graph":[{"@type":"Organization","@id":"https:\/\/cuatudonganhkhoa.com\/#organization","name":"C\u1eeda T\u1ef1 \u0110\u1ed9ng Anh Khoa","url":"https:\/\/cuatudonganhkhoa.com\/","sameAs":[],"logo":{"@type":"ImageObject","@id":"https:\/\/cuatudonganhkhoa.com\/#logo","inLanguage":"en-US","url":"https:\/\/cuatudonganhkhoa.com\/wp-content\/uploads\/2021\/10\/cropped-logocua.jpg","contentUrl":"https:\/\/cuatudonganhkhoa.com\/wp-content\/uploads\/2021\/10\/cropped-logocua.jpg","width":512,"height":512,"caption":"C\u1eeda T\u1ef1 \u0110\u1ed9ng Anh Khoa"},"image":{"@id":"https:\/\/cuatudonganhkhoa.com\/#logo"}},{"@type":"WebSite","@id":"https:\/\/cuatudonganhkhoa.com\/#website","url":"https:\/\/cuatudonganhkhoa.com\/","name":"Chuy\u00ean cung c\u1ea5p c\u1eeda t\u1ef1 \u0111\u1ed9ng","description":"ch\u00ednh h\u00e3ng Germany, Panasonic","publisher":{"@id":"https:\/\/cuatudonganhkhoa.com\/#organization"},"potentialAction":[{"@type":"SearchAction","target":{"@type":"EntryPoint","urlTemplate":"https:\/\/cuatudonganhkhoa.com\/?s={search_term_string}"},"query-input":"required name=search_term_string"}],"inLanguage":"en-US"},{"@type":"ImageObject","@id":"https:\/\/cuatudonganhkhoa.com\/san-pham\/motor-cua-truot-tu-dong-manner\/#primaryimage","inLanguage":"en-US","url":"https:\/\/cuatudonganhkhoa.com\/wp-content\/uploads\/2026\/01\/Chua-co-ten-900-x-450-px-900-x-900-px.jpg","contentUrl":"https:\/\/cuatudonganhkhoa.com\/wp-content\/uploads\/2026\/01\/Chua-co-ten-900-x-450-px-900-x-900-px.jpg","width":900,"height":900,"caption":"Manner"},{"@type":"WebPage","@id":"https:\/\/cuatudonganhkhoa.com\/san-pham\/motor-cua-truot-tu-dong-manner\/#webpage","url":"https:\/\/cuatudonganhkhoa.com\/san-pham\/motor-cua-truot-tu-dong-manner\/","name":"MOTOR C\u1ed4NG TR\u01af\u1ee2T TURBO KIT KEY ITALY 230VAC","isPartOf":{"@id":"https:\/\/cuatudonganhkhoa.com\/#website"},"primaryImageOfPage":{"@id":"https:\/\/cuatudonganhkhoa.com\/san-pham\/motor-cua-truot-tu-dong-manner\/#primaryimage"},"datePublished":"2026-01-09T06:50:37+00:00","dateModified":"2026-01-09T06:50:38+00:00","description":"Motor c\u1ed5ng tr\u01b0\u1ee3t gi\u00e1 \u0111\u1ea1i l\u00fd, nh\u1eadp kh\u1ea9u tr\u1ef1c ti\u1ebfp t\u1eeb Ch\u00e2u \u00c2u. Li\u00ean h\u1ec7 Anh Khoa Automatic 0904 587 544 \u0111\u1ec3 \u0111\u01b0\u1ee3c t\u01b0 v\u1ea5n v\u00e0 l\u1eafp \u0111\u1eb7t nhanh ch\u00f3ng","breadcrumb":{"@id":"https:\/\/cuatudonganhkhoa.com\/san-pham\/motor-cua-truot-tu-dong-manner\/#breadcrumb"},"inLanguage":"en-US","potentialAction":[{"@type":"ReadAction","target":["https:\/\/cuatudonganhkhoa.com\/san-pham\/motor-cua-truot-tu-dong-manner\/"]}]},{"@type":"BreadcrumbList","@id":"https:\/\/cuatudonganhkhoa.com\/san-pham\/motor-cua-truot-tu-dong-manner\/#breadcrumb","itemListElement":[{"@type":"ListItem","position":1,"name":"Trang ch\u1ee7","item":"https:\/\/cuatudonganhkhoa.com\/"},{"@type":"ListItem","position":2,"name":"S\u1ea3n ph\u1ea9m","item":"https:\/\/cuatudonganhkhoa.com\/san-pham\/"},{"@type":"ListItem","position":3,"name":"MOTOR C\u1eecA TR\u01af\u1ee2T T\u1ef0 \u0110\u1ed8NG MANNER"}]}]}},"_links":{"self":[{"href":"https:\/\/cuatudonganhkhoa.com\/en\/wp-json\/wp\/v2\/product\/2348"}],"collection":[{"href":"https:\/\/cuatudonganhkhoa.com\/en\/wp-json\/wp\/v2\/product"}],"about":[{"href":"https:\/\/cuatudonganhkhoa.com\/en\/wp-json\/wp\/v2\/types\/product"}],"replies":[{"embeddable":true,"href":"https:\/\/cuatudonganhkhoa.com\/en\/wp-json\/wp\/v2\/comments?post=2348"}],"wp:featuredmedia":[{"embeddable":true,"href":"https:\/\/cuatudonganhkhoa.com\/en\/wp-json\/wp\/v2\/media\/2344"}],"wp:attachment":[{"href":"https:\/\/cuatudonganhkhoa.com\/en\/wp-json\/wp\/v2\/media?parent=2348"}],"wp:term":[{"taxonomy":"product_cat","embeddable":true,"href":"https:\/\/cuatudonganhkhoa.com\/en\/wp-json\/wp\/v2\/product_cat?post=2348"},{"taxonomy":"product_tag","embeddable":true,"href":"https:\/\/cuatudonganhkhoa.com\/en\/wp-json\/wp\/v2\/product_tag?post=2348"}],"curies":[{"name":"wp","href":"https:\/\/api.w.org\/{rel}","templated":true}]}}